{"id":2904,"date":"2022-06-20T21:15:39","date_gmt":"2022-06-20T21:15:39","guid":{"rendered":"https:\/\/pyxis-suisse.ch\/be-agile-and-transform-your-business\/"},"modified":"2024-08-07T12:19:37","modified_gmt":"2024-08-07T12:19:37","slug":"be-agile-and-transform-your-business","status":"publish","type":"page","link":"https:\/\/pyxis-suisse.ch\/en\/be-agile-and-transform-your-business\/","title":{"rendered":"Be agile&#8230; and transform your business"},"content":{"rendered":"\n<h3 class=\"wp-block-heading\">Do you want more agility for your organization or your team?<\/h3>\n\n\n\n<div style=\"height:38px\" aria-hidden=\"true\" class=\"wp-block-spacer\"><\/div>\n\n\n\n<h4 class=\"has-black-color has-text-color wp-block-heading\">And you would like to: <\/h4>\n\n\n\n<div style=\"height:42px\" aria-hidden=\"true\" class=\"wp-block-spacer\"><\/div>\n\n\n\n<section id=\"gm02309f2\" class=\"wp-block-gutentor-m4 section-gm02309f2 gutentor-module gutentor-advanced-columns\"><div class=\"grid-container\"><div class=\"grid-row\">\n<div id=\"col-gm363f8b\" class=\"wp-block-gutentor-m4-col col-gm363f8b gutentor-single-column  grid-lg-2m3 grid-md-12 grid-12\"><div id=\"section-gm363f8b\" class=\"section-gm363f8b gutentor-col-wrap\"><div class=\"wp-block-image\">\n<figure class=\"aligncenter size-thumbnail\"><img loading=\"lazy\" decoding=\"async\" width=\"150\" height=\"150\" src=\"https:\/\/pyxis-suisse.ch\/wp-content\/uploads\/2022\/07\/Nos_Formateurs-150x150.jpg\" alt=\"Icon train your teams \" class=\"wp-image-1113\" srcset=\"https:\/\/pyxis-suisse.ch\/wp-content\/uploads\/2022\/07\/Nos_Formateurs-150x150.jpg 150w, https:\/\/pyxis-suisse.ch\/wp-content\/uploads\/2022\/07\/Nos_Formateurs-300x300.jpg 300w, https:\/\/pyxis-suisse.ch\/wp-content\/uploads\/2022\/07\/Nos_Formateurs-1024x1024.jpg 1024w, https:\/\/pyxis-suisse.ch\/wp-content\/uploads\/2022\/07\/Nos_Formateurs-768x768.jpg 768w, https:\/\/pyxis-suisse.ch\/wp-content\/uploads\/2022\/07\/Nos_Formateurs.jpg 1499w\" sizes=\"auto, (max-width: 150px) 100vw, 150px\" \/><\/figure>\n<\/div>\n\n\n<h6 class=\"has-text-align-center wp-block-heading\">Train your teams in Agile<\/h6>\n<\/div><\/div>\n\n\n\n<div id=\"col-gm21a417\" class=\"wp-block-gutentor-m4-col col-gm21a417 gutentor-single-column  grid-lg-2m3 grid-md-12 grid-12\"><div id=\"section-gm21a417\" class=\"section-gm21a417 gutentor-col-wrap\"><div class=\"wp-block-image\">\n<figure class=\"aligncenter size-thumbnail\"><img loading=\"lazy\" decoding=\"async\" width=\"150\" height=\"150\" src=\"https:\/\/pyxis-suisse.ch\/wp-content\/uploads\/2022\/06\/Scrum-et-Kanban-150x150.jpg\" alt=\"Scrum and Kanban icon \" class=\"wp-image-683\" srcset=\"https:\/\/pyxis-suisse.ch\/wp-content\/uploads\/2022\/06\/Scrum-et-Kanban-150x150.jpg 150w, https:\/\/pyxis-suisse.ch\/wp-content\/uploads\/2022\/06\/Scrum-et-Kanban.jpg 270w\" sizes=\"auto, (max-width: 150px) 100vw, 150px\" \/><\/figure>\n<\/div>\n\n\n<h6 class=\"has-text-align-center wp-block-heading\">Implementing Agile in your organization \/ your team <\/h6>\n<\/div><\/div>\n\n\n\n<div id=\"col-gmf56867\" class=\"wp-block-gutentor-m4-col col-gmf56867 gutentor-single-column  grid-lg-2m3 grid-md-12 grid-12\"><div id=\"section-gmf56867\" class=\"section-gmf56867 gutentor-col-wrap\"><div class=\"wp-block-image\">\n<figure class=\"aligncenter size-thumbnail\"><img decoding=\"async\" src=\"https:\/\/pyxis-suisse.ch\/wp-content\/uploads\/2022\/06\/Nos_Experts_Et_Notre_Expertise_-2-150x150.jpg\" alt=\"Mentoring icon\" class=\"wp-image-1027\"\/><\/figure>\n<\/div>\n\n\n<h6 class=\"has-text-align-center wp-block-heading\">Be accompanied by an Agile coach or a Scrum Master<\/h6>\n<\/div><\/div>\n\n\n\n<div id=\"col-gm3c9368\" class=\"wp-block-gutentor-m4-col col-gm3c9368 gutentor-single-column  grid-lg-2m3 grid-md-12 grid-12\"><div id=\"section-gm3c9368\" class=\"section-gm3c9368 gutentor-col-wrap\"><div class=\"wp-block-image\">\n<figure class=\"aligncenter size-thumbnail\"><img loading=\"lazy\" decoding=\"async\" width=\"150\" height=\"150\" src=\"https:\/\/pyxis-suisse.ch\/wp-content\/uploads\/2022\/07\/Illustration_sans_titre-304-150x150.jpg\" alt=\"icon to develop team commitment\" class=\"wp-image-1116\"\/><\/figure>\n<\/div>\n\n\n<h6 class=\"has-text-align-center wp-block-heading\">The development of your teams<\/h6>\n<\/div><\/div>\n\n\n\n<div id=\"col-gm77e100\" class=\"wp-block-gutentor-m4-col col-gm77e100 gutentor-single-column  grid-lg-2m3 grid-md-12 grid-12\"><div id=\"section-gm77e100\" class=\"section-gm77e100 gutentor-col-wrap\"><div class=\"wp-block-image\">\n<figure class=\"aligncenter size-thumbnail\"><img loading=\"lazy\" decoding=\"async\" width=\"150\" height=\"150\" src=\"https:\/\/pyxis-suisse.ch\/wp-content\/uploads\/2022\/07\/Illustration_sans_titre-306-150x150.jpg\" alt=\"\" class=\"wp-image-1123\"\/><\/figure>\n<\/div>\n\n\n<h6 class=\"has-text-align-center wp-block-heading\">Inspiring and effective meetings<\/h6>\n<\/div><\/div>\n<\/div><\/div><\/section>\n\n\n\n<div style=\"height:36px\" aria-hidden=\"true\" class=\"wp-block-spacer\"><\/div>\n\n\n\n<h4 class=\"has-text-align-left has-black-color has-text-color wp-block-heading\">We accompany you in these evolutions through :<\/h4>\n\n\n\n<p><\/p>\n\n\n\n<section id=\"gm05ae584\" class=\"wp-block-gutentor-m4 section-gm05ae584 gutentor-module gutentor-advanced-columns\"><div class=\"grid-container\"><div class=\"grid-row\">\n<div id=\"col-gm9d68ae\" class=\"wp-block-gutentor-m4-col col-gm9d68ae gutentor-single-column  grid-lg-6 grid-md-12 grid-12\"><div id=\"section-gm9d68ae\" class=\"section-gm9d68ae gutentor-col-wrap\">\n<h3 class=\"has-text-align-center wp-block-heading\">Training courses<\/h3>\n\n\n<div class=\"wp-block-image\">\n<figure class=\"aligncenter size-thumbnail is-resized\"><img loading=\"lazy\" decoding=\"async\" src=\"https:\/\/pyxis-suisse.ch\/wp-content\/uploads\/2022\/07\/Illustration_sans_titre-307-150x150.jpg\" alt=\"\" class=\"wp-image-1134\" width=\"260\" height=\"260\" srcset=\"https:\/\/pyxis-suisse.ch\/wp-content\/uploads\/2022\/07\/Illustration_sans_titre-307-150x150.jpg 150w, https:\/\/pyxis-suisse.ch\/wp-content\/uploads\/2022\/07\/Illustration_sans_titre-307-300x300.jpg 300w, https:\/\/pyxis-suisse.ch\/wp-content\/uploads\/2022\/07\/Illustration_sans_titre-307-1024x1024.jpg 1024w, https:\/\/pyxis-suisse.ch\/wp-content\/uploads\/2022\/07\/Illustration_sans_titre-307-768x768.jpg 768w, https:\/\/pyxis-suisse.ch\/wp-content\/uploads\/2022\/07\/Illustration_sans_titre-307.jpg 1216w\" sizes=\"auto, (max-width: 260px) 100vw, 260px\" \/><\/figure>\n<\/div>\n\n\n<div id=\"section-ga39ce6\" class=\"wp-block-gutentor-e7 section-ga39ce6 gutentor-element gutentor-element-list\"><ul class=\"grid-row gutentor-grid-item-wrap list-indicator-icon\"><li class=\"gutentor-list-item grid-lg-12 grid-md-12 grid-12\"><span class=\"gutentor-single-item gutentor-single-item-0\"><span class=\"gutentor-list-item-wrap g-s-list-wrap\"><span class=\"gutentor-single-list-item-icon\"><i class=\"list-item-icon fas fa-arrow-right\"><\/i><\/span><span class=\"gutentor-list-item\"><p class=\"gutentor-single-item-title\">Sur <strong>4 grandes th\u00e9matiques <\/strong><\/p><\/span><\/span><\/span><\/li><li class=\"gutentor-list-item grid-lg-12 grid-md-12 grid-12\"><span class=\"gutentor-single-item gutentor-single-item-1\"><span class=\"gutentor-list-item-wrap g-s-list-wrap\"><span class=\"gutentor-single-list-item-icon\"><i class=\"list-item-icon fas fa-arrow-right\"><\/i><\/span><span class=\"gutentor-list-item\"><p class=\"gutentor-single-item-title\">En <strong>sessions publiques et priv\u00e9es<\/strong> au sein de votre organisation<\/p><\/span><\/span><\/span><\/li><li class=\"gutentor-list-item grid-lg-12 grid-md-12 grid-12\"><span class=\"gutentor-single-item gutentor-single-item-2\"><span class=\"gutentor-list-item-wrap g-s-list-wrap\"><span class=\"gutentor-single-list-item-icon\"><i class=\"list-item-icon fas fa-arrow-right\"><\/i><\/span><span class=\"gutentor-list-item\"><p class=\"gutentor-single-item-title\"><strong>Certifiantes<\/strong> <a href=\"http:\/\/www.scrum.org\" target=\"_blank\" rel=\"noreferrer noopener\">scrum.org<\/a><\/p><\/span><\/span><\/span><\/li><li class=\"gutentor-list-item grid-lg-12 grid-md-12 grid-12\"><span class=\"gutentor-single-item gutentor-single-item-3\"><span class=\"gutentor-list-item-wrap g-s-list-wrap\"><span class=\"gutentor-single-list-item-icon\"><i class=\"list-item-icon fas fa-arrow-right\"><\/i><\/span><span class=\"gutentor-list-item\"><p class=\"gutentor-single-item-title\"><strong>Maison<\/strong> bas\u00e9e sur notre expertise<\/p><\/span><\/span><\/span><\/li><li class=\"gutentor-list-item grid-lg-12 grid-md-12 grid-12\"><span class=\"gutentor-single-item gutentor-single-item-4\"><span class=\"gutentor-list-item-wrap g-s-list-wrap\"><span class=\"gutentor-single-list-item-icon\"><i class=\"list-item-icon fas fa-arrow-right\"><\/i><\/span><span class=\"gutentor-list-item\"><p class=\"gutentor-single-item-title\"><strong>Sur mesure<\/strong> pour r\u00e9pondre \u00e0 vos besoins sp\u00e9cifiques et votre contexte<\/p><\/span><\/span><\/span><\/li><li class=\"gutentor-list-item grid-lg-12 grid-md-12 grid-12\"><span class=\"gutentor-single-item gutentor-single-item-5\"><span class=\"gutentor-list-item-wrap g-s-list-wrap\"><span class=\"gutentor-single-list-item-icon\"><i class=\"list-item-icon fas fa-arrow-right\"><\/i><\/span><span class=\"gutentor-list-item\"><p class=\"gutentor-single-item-title\">\u00c0 <strong>distance<\/strong> ou en <strong>pr\u00e9sentiel<\/strong><\/p><\/span><\/span><\/span><\/li><\/ul><\/div>\n\n\n\n<div id=\"section-gd9a7bf\" class=\"wp-block-gutentor-e2 section-gd9a7bf gutentor-element gutentor-element-button button-align-center-desktop button-align-center-tablet button-align-center-mobile\"><span class=\"gutentor-button-wrap\"><a class=\"gutentor-button gutentor-block-button gutentor-icon-hide\" href=\"https:\/\/pyxis-suisse.ch\/en\/courses-calendar\/\"><i class=\"gutentor-button-icon fas fa-book\"><\/i><span>\ud83d\udd0e Find your training<\/span><\/a><\/span><\/div>\n\n\n\n<div style=\"height:25px\" aria-hidden=\"true\" class=\"wp-block-spacer\"><\/div>\n<\/div><\/div>\n\n\n\n<div id=\"col-gm9525ad\" class=\"wp-block-gutentor-m4-col col-gm9525ad gutentor-single-column  grid-lg-6 grid-md-12 grid-12\"><div id=\"section-gm9525ad\" class=\"section-gm9525ad gutentor-col-wrap\">\n<h3 class=\"has-text-align-center wp-block-heading\">Agile coaching<\/h3>\n\n\n<div class=\"wp-block-image\">\n<figure class=\"aligncenter size-medium is-resized\"><img loading=\"lazy\" decoding=\"async\" src=\"https:\/\/pyxis-suisse.ch\/wp-content\/uploads\/2022\/07\/Illustration_sans_titre-308-300x300.jpg\" alt=\"\" class=\"wp-image-1137\" width=\"260\" height=\"260\" srcset=\"https:\/\/pyxis-suisse.ch\/wp-content\/uploads\/2022\/07\/Illustration_sans_titre-308-300x300.jpg 300w, https:\/\/pyxis-suisse.ch\/wp-content\/uploads\/2022\/07\/Illustration_sans_titre-308-1024x1024.jpg 1024w, https:\/\/pyxis-suisse.ch\/wp-content\/uploads\/2022\/07\/Illustration_sans_titre-308-150x150.jpg 150w, https:\/\/pyxis-suisse.ch\/wp-content\/uploads\/2022\/07\/Illustration_sans_titre-308-768x768.jpg 768w, https:\/\/pyxis-suisse.ch\/wp-content\/uploads\/2022\/07\/Illustration_sans_titre-308.jpg 1216w\" sizes=\"auto, (max-width: 260px) 100vw, 260px\" \/><\/figure>\n<\/div>\n\n\n<div id=\"section-ga4664f\" class=\"wp-block-gutentor-e7 section-ga4664f gutentor-element gutentor-element-list\"><ul class=\"grid-row gutentor-grid-item-wrap list-indicator-icon\"><li class=\"gutentor-list-item grid-lg-12 grid-md-12 grid-12\"><span class=\"gutentor-single-item gutentor-single-item-0\"><span class=\"gutentor-list-item-wrap g-s-list-wrap\"><span class=\"gutentor-single-list-item-icon\"><i class=\"list-item-icon fas fa-arrow-right\"><\/i><\/span><span class=\"gutentor-list-item\"><p class=\"gutentor-single-item-title\"><strong>Nous accompagnons votre organisation dans sa transformation vers plus d\u2019agilit\u00e9<\/strong>: mise en place de cadres agiles, formations et accompagnement des \u00e9quipes, lancement et pilotage de la transition.<\/p><\/span><\/span><\/span><\/li><li class=\"gutentor-list-item grid-lg-12 grid-md-12 grid-12\"><span class=\"gutentor-single-item gutentor-single-item-1\"><span class=\"gutentor-list-item-wrap g-s-list-wrap\"><span class=\"gutentor-single-list-item-icon\"><i class=\"list-item-icon fas fa-arrow-right\"><\/i><\/span><span class=\"gutentor-list-item\"><p class=\"gutentor-single-item-title\"><strong>Nous accompagnons votre management et vos dirigeants<\/strong> pour d\u00e9velopper un fonctionnement plus efficace et agile.<\/p><\/span><\/span><\/span><\/li><li class=\"gutentor-list-item grid-lg-12 grid-md-12 grid-12\"><span class=\"gutentor-single-item gutentor-single-item-2\"><span class=\"gutentor-list-item-wrap g-s-list-wrap\"><span class=\"gutentor-single-list-item-icon\"><i class=\"list-item-icon fas fa-arrow-right\"><\/i><\/span><span class=\"gutentor-list-item\"><p class=\"gutentor-single-item-title\"><strong>Nous intervenons ponctuellement pour vous accompagner sur des rencontres cl\u00e9s<\/strong> (certaines r\u00e9currences Scrum, s\u00e9minaires, ateliers, vision, \u2026)<\/p><\/span><\/span><\/span><\/li><\/ul><\/div>\n\n\n\n<div id=\"section-g349510\" class=\"wp-block-gutentor-e2 section-g349510 gutentor-element gutentor-element-button button-align-center-desktop button-align-center-tablet button-align-center-mobile\"><span class=\"gutentor-button-wrap\"><a class=\"gutentor-button gutentor-block-button gutentor-icon-hide\" href=\"https:\/\/pyxis-suisse.ch\/en\/contact-us\/\"><i class=\"gutentor-button-icon fas fa-book\"><\/i><span>\ud83d\udcac Contact Us<\/span><\/a><\/span><\/div>\n<\/div><\/div>\n<\/div><\/div><\/section>\n","protected":false},"excerpt":{"rendered":"<p>Do you want more agility for your organization or your team? And you would like to: We accompany you in these evolutions through :<\/p>\n","protected":false},"author":1,"featured_media":2265,"parent":0,"menu_order":0,"comment_status":"closed","ping_status":"closed","template":"","meta":{"_acf_changed":false,"content-type":"","pmpro_default_level":"","footnotes":""},"class_list":["post-2904","page","type-page","status-publish","has-post-thumbnail","hentry","pmpro-has-access"],"acf":[],"yoast_head":"<!-- This site is optimized with the Yoast SEO plugin v26.9 - https:\/\/yoast.com\/product\/yoast-seo-wordpress\/ -->\n<title>Be agile... and transform your business - Pyxis<\/title>\n<meta name=\"description\" content=\"Vous souhaitez d\u00e9couvrir l&#039;Agilit\u00e9, vous former aux cadres agiles, obtenir une certification, ou encore devenir un Manager Agile ? Rejoignez une de nos formations et atteignez votre objectif !\" \/>\n<meta name=\"robots\" content=\"index, follow, max-snippet:-1, max-image-preview:large, max-video-preview:-1\" \/>\n<link rel=\"canonical\" href=\"https:\/\/pyxis-suisse.ch\/en\/be-agile-and-transform-your-business\/\" \/>\n<meta property=\"og:locale\" content=\"en_US\" \/>\n<meta property=\"og:type\" content=\"article\" \/>\n<meta property=\"og:title\" content=\"Be agile... and transform your business - Pyxis\" \/>\n<meta property=\"og:description\" content=\"Vous souhaitez d\u00e9couvrir l&#039;Agilit\u00e9, vous former aux cadres agiles, obtenir une certification, ou encore devenir un Manager Agile ? Rejoignez une de nos formations et atteignez votre objectif !\" \/>\n<meta property=\"og:url\" content=\"https:\/\/pyxis-suisse.ch\/en\/be-agile-and-transform-your-business\/\" \/>\n<meta property=\"og:site_name\" content=\"Pyxis\" \/>\n<meta property=\"article:modified_time\" content=\"2024-08-07T12:19:37+00:00\" \/>\n<meta property=\"og:image\" content=\"https:\/\/pyxis-suisse.ch\/wp-content\/uploads\/2022\/10\/Bannie\u0300re_Soyez_Agile_Et_Agilisez_Votre_Entreprise-1.png\" \/>\n\t<meta property=\"og:image:width\" content=\"1680\" \/>\n\t<meta property=\"og:image:height\" content=\"300\" \/>\n\t<meta property=\"og:image:type\" content=\"image\/png\" \/>\n<meta name=\"twitter:card\" content=\"summary_large_image\" \/>\n<meta name=\"twitter:label1\" content=\"Est. reading time\" \/>\n\t<meta name=\"twitter:data1\" content=\"3 minutes\" \/>\n<script type=\"application\/ld+json\" class=\"yoast-schema-graph\">{\"@context\":\"https:\/\/schema.org\",\"@graph\":[{\"@type\":\"WebPage\",\"@id\":\"https:\/\/pyxis-suisse.ch\/en\/be-agile-and-transform-your-business\/\",\"url\":\"https:\/\/pyxis-suisse.ch\/en\/be-agile-and-transform-your-business\/\",\"name\":\"Be agile... and transform your business - Pyxis\",\"isPartOf\":{\"@id\":\"https:\/\/pyxis-suisse.ch\/en\/#website\"},\"primaryImageOfPage\":{\"@id\":\"https:\/\/pyxis-suisse.ch\/en\/be-agile-and-transform-your-business\/#primaryimage\"},\"image\":{\"@id\":\"https:\/\/pyxis-suisse.ch\/en\/be-agile-and-transform-your-business\/#primaryimage\"},\"thumbnailUrl\":\"https:\/\/pyxis-suisse.ch\/wp-content\/uploads\/2022\/10\/Bannie\u0300re_Soyez_Agile_Et_Agilisez_Votre_Entreprise-1.png\",\"datePublished\":\"2022-06-20T21:15:39+00:00\",\"dateModified\":\"2024-08-07T12:19:37+00:00\",\"description\":\"Vous souhaitez d\u00e9couvrir l'Agilit\u00e9, vous former aux cadres agiles, obtenir une certification, ou encore devenir un Manager Agile ? Rejoignez une de nos formations et atteignez votre objectif !\",\"breadcrumb\":{\"@id\":\"https:\/\/pyxis-suisse.ch\/en\/be-agile-and-transform-your-business\/#breadcrumb\"},\"inLanguage\":\"en-US\",\"potentialAction\":[{\"@type\":\"ReadAction\",\"target\":[\"https:\/\/pyxis-suisse.ch\/en\/be-agile-and-transform-your-business\/\"]}]},{\"@type\":\"ImageObject\",\"inLanguage\":\"en-US\",\"@id\":\"https:\/\/pyxis-suisse.ch\/en\/be-agile-and-transform-your-business\/#primaryimage\",\"url\":\"https:\/\/pyxis-suisse.ch\/wp-content\/uploads\/2022\/10\/Bannie\u0300re_Soyez_Agile_Et_Agilisez_Votre_Entreprise-1.png\",\"contentUrl\":\"https:\/\/pyxis-suisse.ch\/wp-content\/uploads\/2022\/10\/Bannie\u0300re_Soyez_Agile_Et_Agilisez_Votre_Entreprise-1.png\",\"width\":1680,\"height\":300,\"caption\":\"transformez votre entreprise\"},{\"@type\":\"BreadcrumbList\",\"@id\":\"https:\/\/pyxis-suisse.ch\/en\/be-agile-and-transform-your-business\/#breadcrumb\",\"itemListElement\":[{\"@type\":\"ListItem\",\"position\":1,\"name\":\"Home\",\"item\":\"https:\/\/pyxis-suisse.ch\/en\/\"},{\"@type\":\"ListItem\",\"position\":2,\"name\":\"Be agile&#8230; and transform your business\"}]},{\"@type\":\"WebSite\",\"@id\":\"https:\/\/pyxis-suisse.ch\/en\/#website\",\"url\":\"https:\/\/pyxis-suisse.ch\/en\/\",\"name\":\"Pyxis\",\"description\":\"Incarner les nouveaux possibles\",\"publisher\":{\"@id\":\"https:\/\/pyxis-suisse.ch\/en\/#organization\"},\"potentialAction\":[{\"@type\":\"SearchAction\",\"target\":{\"@type\":\"EntryPoint\",\"urlTemplate\":\"https:\/\/pyxis-suisse.ch\/en\/?s={search_term_string}\"},\"query-input\":{\"@type\":\"PropertyValueSpecification\",\"valueRequired\":true,\"valueName\":\"search_term_string\"}}],\"inLanguage\":\"en-US\"},{\"@type\":\"Organization\",\"@id\":\"https:\/\/pyxis-suisse.ch\/en\/#organization\",\"name\":\"Pyxis Suisse\",\"url\":\"https:\/\/pyxis-suisse.ch\/en\/\",\"logo\":{\"@type\":\"ImageObject\",\"inLanguage\":\"en-US\",\"@id\":\"https:\/\/pyxis-suisse.ch\/en\/#\/schema\/logo\/image\/\",\"url\":\"https:\/\/pyxis-suisse.ch\/wp-content\/uploads\/2022\/02\/logo.png\",\"contentUrl\":\"https:\/\/pyxis-suisse.ch\/wp-content\/uploads\/2022\/02\/logo.png\",\"width\":616,\"height\":102,\"caption\":\"Pyxis Suisse\"},\"image\":{\"@id\":\"https:\/\/pyxis-suisse.ch\/en\/#\/schema\/logo\/image\/\"},\"sameAs\":[\"https:\/\/www.linkedin.com\/company\/2302881\/admin\/\"]}]}<\/script>\n<!-- \/ Yoast SEO plugin. -->","yoast_head_json":{"title":"Be agile... and transform your business - Pyxis","description":"Vous souhaitez d\u00e9couvrir l'Agilit\u00e9, vous former aux cadres agiles, obtenir une certification, ou encore devenir un Manager Agile ? Rejoignez une de nos formations et atteignez votre objectif !","robots":{"index":"index","follow":"follow","max-snippet":"max-snippet:-1","max-image-preview":"max-image-preview:large","max-video-preview":"max-video-preview:-1"},"canonical":"https:\/\/pyxis-suisse.ch\/en\/be-agile-and-transform-your-business\/","og_locale":"en_US","og_type":"article","og_title":"Be agile... and transform your business - Pyxis","og_description":"Vous souhaitez d\u00e9couvrir l'Agilit\u00e9, vous former aux cadres agiles, obtenir une certification, ou encore devenir un Manager Agile ? Rejoignez une de nos formations et atteignez votre objectif !","og_url":"https:\/\/pyxis-suisse.ch\/en\/be-agile-and-transform-your-business\/","og_site_name":"Pyxis","article_modified_time":"2024-08-07T12:19:37+00:00","og_image":[{"width":1680,"height":300,"url":"https:\/\/pyxis-suisse.ch\/wp-content\/uploads\/2022\/10\/Bannie\u0300re_Soyez_Agile_Et_Agilisez_Votre_Entreprise-1.png","type":"image\/png"}],"twitter_card":"summary_large_image","twitter_misc":{"Est. reading time":"3 minutes"},"schema":{"@context":"https:\/\/schema.org","@graph":[{"@type":"WebPage","@id":"https:\/\/pyxis-suisse.ch\/en\/be-agile-and-transform-your-business\/","url":"https:\/\/pyxis-suisse.ch\/en\/be-agile-and-transform-your-business\/","name":"Be agile... and transform your business - Pyxis","isPartOf":{"@id":"https:\/\/pyxis-suisse.ch\/en\/#website"},"primaryImageOfPage":{"@id":"https:\/\/pyxis-suisse.ch\/en\/be-agile-and-transform-your-business\/#primaryimage"},"image":{"@id":"https:\/\/pyxis-suisse.ch\/en\/be-agile-and-transform-your-business\/#primaryimage"},"thumbnailUrl":"https:\/\/pyxis-suisse.ch\/wp-content\/uploads\/2022\/10\/Bannie\u0300re_Soyez_Agile_Et_Agilisez_Votre_Entreprise-1.png","datePublished":"2022-06-20T21:15:39+00:00","dateModified":"2024-08-07T12:19:37+00:00","description":"Vous souhaitez d\u00e9couvrir l'Agilit\u00e9, vous former aux cadres agiles, obtenir une certification, ou encore devenir un Manager Agile ? Rejoignez une de nos formations et atteignez votre objectif !","breadcrumb":{"@id":"https:\/\/pyxis-suisse.ch\/en\/be-agile-and-transform-your-business\/#breadcrumb"},"inLanguage":"en-US","potentialAction":[{"@type":"ReadAction","target":["https:\/\/pyxis-suisse.ch\/en\/be-agile-and-transform-your-business\/"]}]},{"@type":"ImageObject","inLanguage":"en-US","@id":"https:\/\/pyxis-suisse.ch\/en\/be-agile-and-transform-your-business\/#primaryimage","url":"https:\/\/pyxis-suisse.ch\/wp-content\/uploads\/2022\/10\/Bannie\u0300re_Soyez_Agile_Et_Agilisez_Votre_Entreprise-1.png","contentUrl":"https:\/\/pyxis-suisse.ch\/wp-content\/uploads\/2022\/10\/Bannie\u0300re_Soyez_Agile_Et_Agilisez_Votre_Entreprise-1.png","width":1680,"height":300,"caption":"transformez votre entreprise"},{"@type":"BreadcrumbList","@id":"https:\/\/pyxis-suisse.ch\/en\/be-agile-and-transform-your-business\/#breadcrumb","itemListElement":[{"@type":"ListItem","position":1,"name":"Home","item":"https:\/\/pyxis-suisse.ch\/en\/"},{"@type":"ListItem","position":2,"name":"Be agile&#8230; and transform your business"}]},{"@type":"WebSite","@id":"https:\/\/pyxis-suisse.ch\/en\/#website","url":"https:\/\/pyxis-suisse.ch\/en\/","name":"Pyxis","description":"Incarner les nouveaux possibles","publisher":{"@id":"https:\/\/pyxis-suisse.ch\/en\/#organization"},"potentialAction":[{"@type":"SearchAction","target":{"@type":"EntryPoint","urlTemplate":"https:\/\/pyxis-suisse.ch\/en\/?s={search_term_string}"},"query-input":{"@type":"PropertyValueSpecification","valueRequired":true,"valueName":"search_term_string"}}],"inLanguage":"en-US"},{"@type":"Organization","@id":"https:\/\/pyxis-suisse.ch\/en\/#organization","name":"Pyxis Suisse","url":"https:\/\/pyxis-suisse.ch\/en\/","logo":{"@type":"ImageObject","inLanguage":"en-US","@id":"https:\/\/pyxis-suisse.ch\/en\/#\/schema\/logo\/image\/","url":"https:\/\/pyxis-suisse.ch\/wp-content\/uploads\/2022\/02\/logo.png","contentUrl":"https:\/\/pyxis-suisse.ch\/wp-content\/uploads\/2022\/02\/logo.png","width":616,"height":102,"caption":"Pyxis Suisse"},"image":{"@id":"https:\/\/pyxis-suisse.ch\/en\/#\/schema\/logo\/image\/"},"sameAs":["https:\/\/www.linkedin.com\/company\/2302881\/admin\/"]}]}},"_links":{"self":[{"href":"https:\/\/pyxis-suisse.ch\/en\/wp-json\/wp\/v2\/pages\/2904","targetHints":{"allow":["GET"]}}],"collection":[{"href":"https:\/\/pyxis-suisse.ch\/en\/wp-json\/wp\/v2\/pages"}],"about":[{"href":"https:\/\/pyxis-suisse.ch\/en\/wp-json\/wp\/v2\/types\/page"}],"author":[{"embeddable":true,"href":"https:\/\/pyxis-suisse.ch\/en\/wp-json\/wp\/v2\/users\/1"}],"replies":[{"embeddable":true,"href":"https:\/\/pyxis-suisse.ch\/en\/wp-json\/wp\/v2\/comments?post=2904"}],"version-history":[{"count":3,"href":"https:\/\/pyxis-suisse.ch\/en\/wp-json\/wp\/v2\/pages\/2904\/revisions"}],"predecessor-version":[{"id":7466,"href":"https:\/\/pyxis-suisse.ch\/en\/wp-json\/wp\/v2\/pages\/2904\/revisions\/7466"}],"wp:featuredmedia":[{"embeddable":true,"href":"https:\/\/pyxis-suisse.ch\/en\/wp-json\/wp\/v2\/media\/2265"}],"wp:attachment":[{"href":"https:\/\/pyxis-suisse.ch\/en\/wp-json\/wp\/v2\/media?parent=2904"}],"curies":[{"name":"wp","href":"https:\/\/api.w.org\/{rel}","templated":true}]}}