{"id":2895,"date":"2022-06-20T18:55:21","date_gmt":"2022-06-20T18:55:21","guid":{"rendered":"https:\/\/pyxis-suisse.ch\/pyxis-in-switzerland-and-around-the-world\/"},"modified":"2023-01-27T15:12:03","modified_gmt":"2023-01-27T15:12:03","slug":"pyxis-in-switzerland-and-around-the-world","status":"publish","type":"page","link":"https:\/\/pyxis-suisse.ch\/en\/pyxis-in-switzerland-and-around-the-world\/","title":{"rendered":"Pyxis in Switzerland&#8230; and around the world"},"content":{"rendered":"\n<h2 class=\"wp-block-heading\" id=\"1-incarner-de-nouveaux-possibles\">Embodying new possibles<\/h2>\n\n<div style=\"height:23px\" aria-hidden=\"true\" class=\"wp-block-spacer\"><\/div>\n\n<p>At Pyxis Suisse, <strong>we help individuals and organizations become more agile and efficient, and carefully nurture the development of each individual towards his or her full potential<\/strong>.<\/p>\n\n<p>We accompany agile transformations through coaching, mentoring, facilitation and training. We are passionate about coaching and are all certified or aspiring coaches.<\/p>\n\n<p><strong>We believe that it is possible to live new forms of organization that allow the emancipation of each and everyone.<\/strong><\/p>\n\n<p>In line with this, we are organized in <strong>shared governance<\/strong>, which means that everyone participates in a reflection on the Pyxis of today and tomorrow.<\/p>\n\n<p>Concretely, we meet every week to discuss either operational topics, substantive topics (e.g. our values, transparency, sense of fairness, distribution of wealth,&#8230;) or collaborative topics (e.g. creating a new training together).<\/p>\n\n<div style=\"height:32px\" aria-hidden=\"true\" class=\"wp-block-spacer\"><\/div>\n\n<h2 class=\"wp-block-heading\" id=\"2-pyxis-dans-le-monde\">Pyxis in the world<\/h2>\n\n<div style=\"height:23px\" aria-hidden=\"true\" class=\"wp-block-spacer\"><\/div>\n\n<p>Created in 2011, Pyxis Suisse is a member of the Pyxis network, a self-organized network that has been in existence for more than 20 years and works in several French-speaking countries (Canada, France, Belgium, Singapore, Switzerland).<\/p>\n\n<section id=\"section-5758fbf3-7505-4cff-b5f2-b21ba85a22d8\" class=\"wp-block-gutentor-timeline gutentor-section gutentor-timeline cssanimations timeline-template1\"><div class=\"grid-container\"><div class=\"gutentor-block-header\"><div class=\"gutentor-section-title enable-title-design seperator-bottom text-center\"><h2 class=\"gutentor-title\"><\/h2><\/div><\/div><div class=\"gutentor-grid-item-wrap wow animated undefined\"><div class=\"gutentor-timeline-wrapper\"><div class=\"gutentor-single-item gutentor-single-item-0 gutentor-even\"><div class=\"gutentor-timeline-item\"><div class=\"gutentor-single-item-wrap\"><div class=\"gutentor-timeline-item-circle\"><\/div><div class=\"gutentor-single-item-wrapper\"><div class=\"gutentor-single-item-content gutentor-timeline-item-content\"><div class=\"gutentor-timeline-item-org-title\"><h5 class=\"gutentor-timeline-item-heading-name\">2000<br><br><img loading=\"lazy\" decoding=\"async\" width=\"300\" height=\"225\" class=\"wp-image-840\" style=\"width: 300px;\" src=\"https:\/\/pyxis-suisse.ch\/wp-content\/uploads\/2022\/06\/wp_troisamis-300x225-1.gif\" alt=\"the 3 founders of Pyxis in Quebec\"><\/h5><h5 class=\"gutentor-timeline-item-duration\"><\/h5><\/div><h3 class=\"gutentor-single-item-title\">Creation of Pyxis in Montreal<\/h3><p class=\"gutentor-single-item-desc\">Frustrated by their previous professional experiences, 3 computer engineers, Alain Chaput, Fran\u00e7ois D\u00e9nomm\u00e9e and Fran\u00e7ois Beauregard, were driven by the desire to create an organization that would allow people to be freer, lead a sustainable life and have fun by creating quality software that meets the needs of customers.<br><\/p><\/div><\/div><\/div><\/div><\/div><div class=\"gutentor-single-item gutentor-single-item-1 gutentor-odd\"><div class=\"gutentor-timeline-item\"><div class=\"gutentor-single-item-wrap\"><div class=\"gutentor-timeline-item-circle\"><\/div><div class=\"gutentor-single-item-wrapper\"><div class=\"gutentor-single-item-content gutentor-timeline-item-content\"><div class=\"gutentor-timeline-item-org-title\"><h5 class=\"gutentor-timeline-item-heading-name\">2001<br><br><img loading=\"lazy\" decoding=\"async\" width=\"300\" height=\"225\" class=\"wp-image-842\" style=\"width: 300px;\" src=\"https:\/\/pyxis-suisse.ch\/wp-content\/uploads\/2022\/06\/wp_agilemtl-e1656594164512.gif\" alt=\"Discovering Agile\"><\/h5><h5 class=\"gutentor-timeline-item-duration\"><\/h5><\/div><h3 class=\"gutentor-single-item-title\">Discovery and adoption of Agile mindset and framework<\/h3><p class=\"gutentor-single-item-desc\">Very early in their history, they discovered Agile approaches to software development. Driven by the values and principles that are at the core, they decided to put these approaches into practice and experiment with new ways of doing things.<\/p><\/div><\/div><\/div><\/div><\/div><div class=\"gutentor-single-item gutentor-single-item-2 gutentor-even\"><div class=\"gutentor-timeline-item\"><div class=\"gutentor-single-item-wrap\"><div class=\"gutentor-timeline-item-circle\"><\/div><div class=\"gutentor-single-item-wrapper\"><div class=\"gutentor-single-item-content gutentor-timeline-item-content\"><div class=\"gutentor-timeline-item-org-title\"><h5 class=\"gutentor-timeline-item-heading-name\">2009<br><br><img loading=\"lazy\" decoding=\"async\" width=\"300\" height=\"225\" class=\"wp-image-844\" style=\"width: 300px;\" src=\"https:\/\/pyxis-suisse.ch\/wp-content\/uploads\/2022\/06\/wp_image_article_2010_2-e1656594188772.png\" alt=\"\"><\/h5><h5 class=\"gutentor-timeline-item-duration\"><\/h5><\/div><h3 class=\"gutentor-single-item-title\">Flourishing and experimental period<\/h3><p class=\"gutentor-single-item-desc\">Pyxis&#8217; growth is stable and linear.<br>Pyxis is a company that experiments with self-organization with little structure and pays little attention to financial management.<\/p><\/div><\/div><\/div><\/div><\/div><div class=\"gutentor-single-item gutentor-single-item-3 gutentor-odd\"><div class=\"gutentor-timeline-item\"><div class=\"gutentor-single-item-wrap\"><div class=\"gutentor-timeline-item-circle\"><\/div><div class=\"gutentor-single-item-wrapper\"><div class=\"gutentor-single-item-content gutentor-timeline-item-content\"><div class=\"gutentor-timeline-item-org-title\"><h5 class=\"gutentor-timeline-item-heading-name\">2011<br><br><img loading=\"lazy\" decoding=\"async\" width=\"300\" height=\"200\" class=\"wp-image-878\" style=\"width: 300px;\" src=\"https:\/\/pyxis-suisse.ch\/wp-content\/uploads\/2022\/06\/drapeausuisse.png\" alt=\"Swiss flag\"><\/h5><h5 class=\"gutentor-timeline-item-duration\"><\/h5><\/div><h3 class=\"gutentor-single-item-title\">Creation of Pyxis in Switzerland<\/h3><p class=\"gutentor-single-item-desc\">Driven by the idea of bringing the &#8220;Pyxis spirit&#8221; back to Europe, Ga\u00ebl Luissier (Swiss expatriate at Pyxis in Montreal), and Christian Lapointe (Quebecer who wanted to live in Europe), met and created Pyxis in Switzerland. To support the initiative, Fran\u00e7ois Beauregard (founder of Pyxis Montreal) financially accompanies the launch of this adventure.<\/p><\/div><\/div><\/div><\/div><\/div><div class=\"gutentor-single-item gutentor-single-item-4 gutentor-even\"><div class=\"gutentor-timeline-item\"><div class=\"gutentor-single-item-wrap\"><div class=\"gutentor-timeline-item-circle\"><\/div><div class=\"gutentor-single-item-wrapper\"><div class=\"gutentor-single-item-content gutentor-timeline-item-content\"><div class=\"gutentor-timeline-item-org-title\"><h5 class=\"gutentor-timeline-item-heading-name\">2012<br><br><img decoding=\"async\" class=\"wp-image-850\" style=\"width: 300px;\" src=\"https:\/\/pyxis-suisse.ch\/wp-content\/uploads\/2022\/06\/50204902-image-concept-repre%CC%81sentant-le-re%CC%81seau-la-mise-en-re%CC%81seau-la-connexion-les-re%CC%81seaux-sociaux-les-communic-e1656594090846.webp\" alt=\"The Pyxis network\"><\/h5><h5 class=\"gutentor-timeline-item-duration\"><\/h5><\/div><h3 class=\"gutentor-single-item-title\">Maturity and creation of an international network<\/h3><p class=\"gutentor-single-item-desc\">With more maturity, Pyxis is renewing its initial dream of being a self-organized structure. She is working on the emergence of a network of companies around the world.<br><\/p><\/div><\/div><\/div><\/div><\/div><div class=\"gutentor-single-item gutentor-single-item-5 gutentor-odd\"><div class=\"gutentor-timeline-item\"><div class=\"gutentor-single-item-wrap\"><div class=\"gutentor-timeline-item-circle\"><\/div><div class=\"gutentor-single-item-wrapper\"><div class=\"gutentor-single-item-content gutentor-timeline-item-content\"><div class=\"gutentor-timeline-item-org-title\"><h5 class=\"gutentor-timeline-item-heading-name\">2019<br><br><img loading=\"lazy\" decoding=\"async\" width=\"300\" height=\"225\" class=\"wp-image-848\" style=\"width: 300px;\" src=\"https:\/\/pyxis-suisse.ch\/wp-content\/uploads\/2022\/06\/wp_photo_suisse2-e1656594113967.png\" alt=\"Pyxis Suisse team\"><br><\/h5><h5 class=\"gutentor-timeline-item-duration\"><\/h5><\/div><h3 class=\"gutentor-single-item-title\">The Pyxis Suisse team is growing<\/h3><p class=\"gutentor-single-item-desc\">Pyxis Suisse now counts 6 people who are passionate about agile, personal development and autonomy.<br><br>The team formalizes its purpose: To embody new possibilities in order to support the emancipation of each person.<\/p><\/div><\/div><\/div><\/div><\/div><div class=\"gutentor-single-item gutentor-single-item-6 gutentor-even\"><div class=\"gutentor-timeline-item\"><div class=\"gutentor-single-item-wrap\"><div class=\"gutentor-timeline-item-circle\"><\/div><div class=\"gutentor-single-item-wrapper\"><div class=\"gutentor-single-item-content gutentor-timeline-item-content\"><div class=\"gutentor-timeline-item-org-title\"><h5 class=\"gutentor-timeline-item-heading-name\">2021<br><br><img loading=\"lazy\" decoding=\"async\" width=\"250\" height=\"250\" class=\"wp-image-2474\" style=\"width: 250px;\" src=\"https:\/\/pyxis-suisse.ch\/wp-content\/uploads\/2022\/11\/1-actionnaire-1-voix.jpg\" alt=\"1 shareholder = 1 vote\" srcset=\"https:\/\/pyxis-suisse.ch\/wp-content\/uploads\/2022\/11\/1-actionnaire-1-voix.jpg 1200w, https:\/\/pyxis-suisse.ch\/wp-content\/uploads\/2022\/11\/1-actionnaire-1-voix-300x300.jpg 300w, https:\/\/pyxis-suisse.ch\/wp-content\/uploads\/2022\/11\/1-actionnaire-1-voix-1024x1024.jpg 1024w, https:\/\/pyxis-suisse.ch\/wp-content\/uploads\/2022\/11\/1-actionnaire-1-voix-150x150.jpg 150w, https:\/\/pyxis-suisse.ch\/wp-content\/uploads\/2022\/11\/1-actionnaire-1-voix-768x768.jpg 768w\" sizes=\"auto, (max-width: 250px) 100vw, 250px\" \/><\/h5><h5 class=\"gutentor-timeline-item-duration\"><\/h5><\/div><h3 class=\"gutentor-single-item-title\">Shared governance<\/h3><p class=\"gutentor-single-item-desc\">Pyxis Suisse has been experimenting for several years with the principles of shared governance and equal voting rights in decision making.<br><br>With the intention that our official documents reflect our way of working as much as possible, we are filing new official statutes to integrate the principle of 1 shareholder = 1 vote, we are reviewing our employment contracts and we are refining our evolving organizational regulations.<\/p><\/div><\/div><\/div><\/div><\/div><div class=\"gutentor-single-item gutentor-single-item-7 gutentor-odd\"><div class=\"gutentor-timeline-item\"><div class=\"gutentor-single-item-wrap\"><div class=\"gutentor-timeline-item-circle\"><\/div><div class=\"gutentor-single-item-wrapper\"><div class=\"gutentor-single-item-content gutentor-timeline-item-content\"><div class=\"gutentor-timeline-item-org-title\"><h5 class=\"gutentor-timeline-item-heading-name\">2022<\/h5><h5 class=\"gutentor-timeline-item-duration\"><br><img loading=\"lazy\" decoding=\"async\" width=\"250\" height=\"250\" class=\"wp-image-2467\" style=\"width: 250px;\" src=\"https:\/\/pyxis-suisse.ch\/wp-content\/uploads\/2022\/11\/Illustration_sans_titre-420.jpg\" alt=\"redistributed shareholding\" srcset=\"https:\/\/pyxis-suisse.ch\/wp-content\/uploads\/2022\/11\/Illustration_sans_titre-420.jpg 2048w, https:\/\/pyxis-suisse.ch\/wp-content\/uploads\/2022\/11\/Illustration_sans_titre-420-300x300.jpg 300w, https:\/\/pyxis-suisse.ch\/wp-content\/uploads\/2022\/11\/Illustration_sans_titre-420-1024x1024.jpg 1024w, https:\/\/pyxis-suisse.ch\/wp-content\/uploads\/2022\/11\/Illustration_sans_titre-420-150x150.jpg 150w, https:\/\/pyxis-suisse.ch\/wp-content\/uploads\/2022\/11\/Illustration_sans_titre-420-768x768.jpg 768w, https:\/\/pyxis-suisse.ch\/wp-content\/uploads\/2022\/11\/Illustration_sans_titre-420-1536x1536.jpg 1536w\" sizes=\"auto, (max-width: 250px) 100vw, 250px\" \/><\/h5><\/div><h3 class=\"gutentor-single-item-title\">Restructuring of the shareholder base<\/h3><p class=\"gutentor-single-item-desc\">The two shareholders of Pyxis Suisse give their shares to the employees of Pyxis Suisse for a symbolic value. The shareholding then becomes distributed among all members working within Pyxis Suisse.<\/p><\/div><\/div><\/div><\/div><\/div><\/div><\/div><\/div><\/section>\n\n<p><\/p>\n","protected":false},"excerpt":{"rendered":"<p>Embodying new possibles At Pyxis Suisse, we help individuals and organizations become more agile and efficient, and carefully nurture the development of each individual towards his or her full potential. We accompany agile transformations through coaching, mentoring, facilitation and training. We are passionate about coaching and are all certified or aspiring coaches. We believe that [&hellip;]<\/p>\n","protected":false},"author":1,"featured_media":2261,"parent":0,"menu_order":0,"comment_status":"closed","ping_status":"closed","template":"","meta":{"_acf_changed":false,"content-type":"","pmpro_default_level":"","footnotes":""},"class_list":["post-2895","page","type-page","status-publish","has-post-thumbnail","hentry","pmpro-has-access"],"acf":[],"yoast_head":"<!-- This site is optimized with the Yoast SEO plugin v26.9 - https:\/\/yoast.com\/product\/yoast-seo-wordpress\/ -->\n<title>Pyxis in Switzerland... and around the world - Pyxis<\/title>\n<meta name=\"description\" content=\"Vous souhaitez d\u00e9couvrir l&#039;Agilit\u00e9, vous former aux cadres agiles, obtenir une certification, ou encore devenir un Manager Agile ? Rejoignez une de nos formations et atteignez votre objectif !\" \/>\n<meta name=\"robots\" content=\"index, follow, max-snippet:-1, max-image-preview:large, max-video-preview:-1\" \/>\n<link rel=\"canonical\" href=\"https:\/\/pyxis-suisse.ch\/en\/pyxis-in-switzerland-and-around-the-world\/\" \/>\n<meta property=\"og:locale\" content=\"en_US\" \/>\n<meta property=\"og:type\" content=\"article\" \/>\n<meta property=\"og:title\" content=\"Pyxis in Switzerland... and around the world - Pyxis\" \/>\n<meta property=\"og:description\" content=\"Vous souhaitez d\u00e9couvrir l&#039;Agilit\u00e9, vous former aux cadres agiles, obtenir une certification, ou encore devenir un Manager Agile ? Rejoignez une de nos formations et atteignez votre objectif !\" \/>\n<meta property=\"og:url\" content=\"https:\/\/pyxis-suisse.ch\/en\/pyxis-in-switzerland-and-around-the-world\/\" \/>\n<meta property=\"og:site_name\" content=\"Pyxis\" \/>\n<meta property=\"article:modified_time\" content=\"2023-01-27T15:12:03+00:00\" \/>\n<meta property=\"og:image\" content=\"https:\/\/pyxis-suisse.ch\/wp-content\/uploads\/2022\/10\/Bannie\u0300re_Pyxis_Suisse_Et_Dans_Le_Monde-1.png\" \/>\n\t<meta property=\"og:image:width\" content=\"1680\" \/>\n\t<meta property=\"og:image:height\" content=\"300\" \/>\n\t<meta property=\"og:image:type\" content=\"image\/png\" \/>\n<meta name=\"twitter:card\" content=\"summary_large_image\" \/>\n<meta name=\"twitter:label1\" content=\"Est. reading time\" \/>\n\t<meta name=\"twitter:data1\" content=\"3 minutes\" \/>\n<script type=\"application\/ld+json\" class=\"yoast-schema-graph\">{\"@context\":\"https:\/\/schema.org\",\"@graph\":[{\"@type\":\"WebPage\",\"@id\":\"https:\/\/pyxis-suisse.ch\/en\/pyxis-in-switzerland-and-around-the-world\/\",\"url\":\"https:\/\/pyxis-suisse.ch\/en\/pyxis-in-switzerland-and-around-the-world\/\",\"name\":\"Pyxis in Switzerland... and around the world - Pyxis\",\"isPartOf\":{\"@id\":\"https:\/\/pyxis-suisse.ch\/en\/#website\"},\"primaryImageOfPage\":{\"@id\":\"https:\/\/pyxis-suisse.ch\/en\/pyxis-in-switzerland-and-around-the-world\/#primaryimage\"},\"image\":{\"@id\":\"https:\/\/pyxis-suisse.ch\/en\/pyxis-in-switzerland-and-around-the-world\/#primaryimage\"},\"thumbnailUrl\":\"https:\/\/pyxis-suisse.ch\/wp-content\/uploads\/2022\/10\/Bannie\u0300re_Pyxis_Suisse_Et_Dans_Le_Monde-1.png\",\"datePublished\":\"2022-06-20T18:55:21+00:00\",\"dateModified\":\"2023-01-27T15:12:03+00:00\",\"description\":\"Vous souhaitez d\u00e9couvrir l'Agilit\u00e9, vous former aux cadres agiles, obtenir une certification, ou encore devenir un Manager Agile ? Rejoignez une de nos formations et atteignez votre objectif !\",\"breadcrumb\":{\"@id\":\"https:\/\/pyxis-suisse.ch\/en\/pyxis-in-switzerland-and-around-the-world\/#breadcrumb\"},\"inLanguage\":\"en-US\",\"potentialAction\":[{\"@type\":\"ReadAction\",\"target\":[\"https:\/\/pyxis-suisse.ch\/en\/pyxis-in-switzerland-and-around-the-world\/\"]}]},{\"@type\":\"ImageObject\",\"inLanguage\":\"en-US\",\"@id\":\"https:\/\/pyxis-suisse.ch\/en\/pyxis-in-switzerland-and-around-the-world\/#primaryimage\",\"url\":\"https:\/\/pyxis-suisse.ch\/wp-content\/uploads\/2022\/10\/Bannie\u0300re_Pyxis_Suisse_Et_Dans_Le_Monde-1.png\",\"contentUrl\":\"https:\/\/pyxis-suisse.ch\/wp-content\/uploads\/2022\/10\/Bannie\u0300re_Pyxis_Suisse_Et_Dans_Le_Monde-1.png\",\"width\":1680,\"height\":300,\"caption\":\"Pyxis Suisse et dans le monde\"},{\"@type\":\"BreadcrumbList\",\"@id\":\"https:\/\/pyxis-suisse.ch\/en\/pyxis-in-switzerland-and-around-the-world\/#breadcrumb\",\"itemListElement\":[{\"@type\":\"ListItem\",\"position\":1,\"name\":\"Home\",\"item\":\"https:\/\/pyxis-suisse.ch\/en\/\"},{\"@type\":\"ListItem\",\"position\":2,\"name\":\"Pyxis in Switzerland&#8230; and around the world\"}]},{\"@type\":\"WebSite\",\"@id\":\"https:\/\/pyxis-suisse.ch\/en\/#website\",\"url\":\"https:\/\/pyxis-suisse.ch\/en\/\",\"name\":\"Pyxis\",\"description\":\"Incarner les nouveaux possibles\",\"publisher\":{\"@id\":\"https:\/\/pyxis-suisse.ch\/en\/#organization\"},\"potentialAction\":[{\"@type\":\"SearchAction\",\"target\":{\"@type\":\"EntryPoint\",\"urlTemplate\":\"https:\/\/pyxis-suisse.ch\/en\/?s={search_term_string}\"},\"query-input\":{\"@type\":\"PropertyValueSpecification\",\"valueRequired\":true,\"valueName\":\"search_term_string\"}}],\"inLanguage\":\"en-US\"},{\"@type\":\"Organization\",\"@id\":\"https:\/\/pyxis-suisse.ch\/en\/#organization\",\"name\":\"Pyxis Suisse\",\"url\":\"https:\/\/pyxis-suisse.ch\/en\/\",\"logo\":{\"@type\":\"ImageObject\",\"inLanguage\":\"en-US\",\"@id\":\"https:\/\/pyxis-suisse.ch\/en\/#\/schema\/logo\/image\/\",\"url\":\"https:\/\/pyxis-suisse.ch\/wp-content\/uploads\/2022\/02\/logo.png\",\"contentUrl\":\"https:\/\/pyxis-suisse.ch\/wp-content\/uploads\/2022\/02\/logo.png\",\"width\":616,\"height\":102,\"caption\":\"Pyxis Suisse\"},\"image\":{\"@id\":\"https:\/\/pyxis-suisse.ch\/en\/#\/schema\/logo\/image\/\"},\"sameAs\":[\"https:\/\/www.linkedin.com\/company\/2302881\/admin\/\"]}]}<\/script>\n<!-- \/ Yoast SEO plugin. -->","yoast_head_json":{"title":"Pyxis in Switzerland... and around the world - Pyxis","description":"Vous souhaitez d\u00e9couvrir l'Agilit\u00e9, vous former aux cadres agiles, obtenir une certification, ou encore devenir un Manager Agile ? Rejoignez une de nos formations et atteignez votre objectif !","robots":{"index":"index","follow":"follow","max-snippet":"max-snippet:-1","max-image-preview":"max-image-preview:large","max-video-preview":"max-video-preview:-1"},"canonical":"https:\/\/pyxis-suisse.ch\/en\/pyxis-in-switzerland-and-around-the-world\/","og_locale":"en_US","og_type":"article","og_title":"Pyxis in Switzerland... and around the world - Pyxis","og_description":"Vous souhaitez d\u00e9couvrir l'Agilit\u00e9, vous former aux cadres agiles, obtenir une certification, ou encore devenir un Manager Agile ? Rejoignez une de nos formations et atteignez votre objectif !","og_url":"https:\/\/pyxis-suisse.ch\/en\/pyxis-in-switzerland-and-around-the-world\/","og_site_name":"Pyxis","article_modified_time":"2023-01-27T15:12:03+00:00","og_image":[{"width":1680,"height":300,"url":"https:\/\/pyxis-suisse.ch\/wp-content\/uploads\/2022\/10\/Bannie\u0300re_Pyxis_Suisse_Et_Dans_Le_Monde-1.png","type":"image\/png"}],"twitter_card":"summary_large_image","twitter_misc":{"Est. reading time":"3 minutes"},"schema":{"@context":"https:\/\/schema.org","@graph":[{"@type":"WebPage","@id":"https:\/\/pyxis-suisse.ch\/en\/pyxis-in-switzerland-and-around-the-world\/","url":"https:\/\/pyxis-suisse.ch\/en\/pyxis-in-switzerland-and-around-the-world\/","name":"Pyxis in Switzerland... and around the world - Pyxis","isPartOf":{"@id":"https:\/\/pyxis-suisse.ch\/en\/#website"},"primaryImageOfPage":{"@id":"https:\/\/pyxis-suisse.ch\/en\/pyxis-in-switzerland-and-around-the-world\/#primaryimage"},"image":{"@id":"https:\/\/pyxis-suisse.ch\/en\/pyxis-in-switzerland-and-around-the-world\/#primaryimage"},"thumbnailUrl":"https:\/\/pyxis-suisse.ch\/wp-content\/uploads\/2022\/10\/Bannie\u0300re_Pyxis_Suisse_Et_Dans_Le_Monde-1.png","datePublished":"2022-06-20T18:55:21+00:00","dateModified":"2023-01-27T15:12:03+00:00","description":"Vous souhaitez d\u00e9couvrir l'Agilit\u00e9, vous former aux cadres agiles, obtenir une certification, ou encore devenir un Manager Agile ? Rejoignez une de nos formations et atteignez votre objectif !","breadcrumb":{"@id":"https:\/\/pyxis-suisse.ch\/en\/pyxis-in-switzerland-and-around-the-world\/#breadcrumb"},"inLanguage":"en-US","potentialAction":[{"@type":"ReadAction","target":["https:\/\/pyxis-suisse.ch\/en\/pyxis-in-switzerland-and-around-the-world\/"]}]},{"@type":"ImageObject","inLanguage":"en-US","@id":"https:\/\/pyxis-suisse.ch\/en\/pyxis-in-switzerland-and-around-the-world\/#primaryimage","url":"https:\/\/pyxis-suisse.ch\/wp-content\/uploads\/2022\/10\/Bannie\u0300re_Pyxis_Suisse_Et_Dans_Le_Monde-1.png","contentUrl":"https:\/\/pyxis-suisse.ch\/wp-content\/uploads\/2022\/10\/Bannie\u0300re_Pyxis_Suisse_Et_Dans_Le_Monde-1.png","width":1680,"height":300,"caption":"Pyxis Suisse et dans le monde"},{"@type":"BreadcrumbList","@id":"https:\/\/pyxis-suisse.ch\/en\/pyxis-in-switzerland-and-around-the-world\/#breadcrumb","itemListElement":[{"@type":"ListItem","position":1,"name":"Home","item":"https:\/\/pyxis-suisse.ch\/en\/"},{"@type":"ListItem","position":2,"name":"Pyxis in Switzerland&#8230; and around the world"}]},{"@type":"WebSite","@id":"https:\/\/pyxis-suisse.ch\/en\/#website","url":"https:\/\/pyxis-suisse.ch\/en\/","name":"Pyxis","description":"Incarner les nouveaux possibles","publisher":{"@id":"https:\/\/pyxis-suisse.ch\/en\/#organization"},"potentialAction":[{"@type":"SearchAction","target":{"@type":"EntryPoint","urlTemplate":"https:\/\/pyxis-suisse.ch\/en\/?s={search_term_string}"},"query-input":{"@type":"PropertyValueSpecification","valueRequired":true,"valueName":"search_term_string"}}],"inLanguage":"en-US"},{"@type":"Organization","@id":"https:\/\/pyxis-suisse.ch\/en\/#organization","name":"Pyxis Suisse","url":"https:\/\/pyxis-suisse.ch\/en\/","logo":{"@type":"ImageObject","inLanguage":"en-US","@id":"https:\/\/pyxis-suisse.ch\/en\/#\/schema\/logo\/image\/","url":"https:\/\/pyxis-suisse.ch\/wp-content\/uploads\/2022\/02\/logo.png","contentUrl":"https:\/\/pyxis-suisse.ch\/wp-content\/uploads\/2022\/02\/logo.png","width":616,"height":102,"caption":"Pyxis Suisse"},"image":{"@id":"https:\/\/pyxis-suisse.ch\/en\/#\/schema\/logo\/image\/"},"sameAs":["https:\/\/www.linkedin.com\/company\/2302881\/admin\/"]}]}},"_links":{"self":[{"href":"https:\/\/pyxis-suisse.ch\/en\/wp-json\/wp\/v2\/pages\/2895","targetHints":{"allow":["GET"]}}],"collection":[{"href":"https:\/\/pyxis-suisse.ch\/en\/wp-json\/wp\/v2\/pages"}],"about":[{"href":"https:\/\/pyxis-suisse.ch\/en\/wp-json\/wp\/v2\/types\/page"}],"author":[{"embeddable":true,"href":"https:\/\/pyxis-suisse.ch\/en\/wp-json\/wp\/v2\/users\/1"}],"replies":[{"embeddable":true,"href":"https:\/\/pyxis-suisse.ch\/en\/wp-json\/wp\/v2\/comments?post=2895"}],"version-history":[{"count":1,"href":"https:\/\/pyxis-suisse.ch\/en\/wp-json\/wp\/v2\/pages\/2895\/revisions"}],"predecessor-version":[{"id":2896,"href":"https:\/\/pyxis-suisse.ch\/en\/wp-json\/wp\/v2\/pages\/2895\/revisions\/2896"}],"wp:featuredmedia":[{"embeddable":true,"href":"https:\/\/pyxis-suisse.ch\/en\/wp-json\/wp\/v2\/media\/2261"}],"wp:attachment":[{"href":"https:\/\/pyxis-suisse.ch\/en\/wp-json\/wp\/v2\/media?parent=2895"}],"curies":[{"name":"wp","href":"https:\/\/api.w.org\/{rel}","templated":true}]}}