{"id":2869,"date":"2022-07-04T15:21:17","date_gmt":"2022-07-04T15:21:17","guid":{"rendered":"https:\/\/pyxis-suisse.ch\/terms-and-conditions-of-sale\/"},"modified":"2023-05-04T08:42:45","modified_gmt":"2023-05-04T08:42:45","slug":"terms-and-conditions-of-sale","status":"publish","type":"page","link":"https:\/\/pyxis-suisse.ch\/en\/terms-and-conditions-of-sale\/","title":{"rendered":"Terms and Conditions of Sale"},"content":{"rendered":"\n<p><\/p>\n\n<p>Pyxis Suisse SA is a consulting and training company specialized in Agility, registered in the commercial register of the canton of Vaud, Switzerland, under the IDE CHE-436.164.492.<\/p>\n\n<p>Its registered office is located at rue du Simplon, 37, c\/o CBC-L Sarl, 1006 Lausanne.<\/p>\n\n<p>Pyxis Suisse designs and delivers public and private face-to-face and virtual classroom training.<\/p>\n\n<div style=\"height:42px\" aria-hidden=\"true\" class=\"wp-block-spacer\"><\/div>\n\n<h4 class=\"wp-block-heading\">PURPOSE OF THESE GCVS<\/h4>\n\n<p>The present general terms and conditions of sale (hereafter &#8220;GTC&#8221;) define the contractual relationship and the conditions of service between the buyer (hereafter &#8220;client&#8221; or &#8220;participant&#8221;) and the provider, Pyxis Suisse SA (hereafter &#8220;Pyxis&#8221; or &#8220;Pyxis Suisse&#8221;). They apply to the public face-to-face and virtual classroom training services offered by Pyxis Suisse (hereinafter &#8220;courses&#8221; or &#8220;training&#8221;).<\/p>\n\n<p>Any registration for a training course implies the full and unreserved acceptance by the Customer of the present general terms and conditions of sale, which prevail over any other document given to the Customer.<\/p>\n\n<p>The parties to the course contract are the natural or legal person who signs the registration, i.e. the Client, on the one hand, and the company Pyxis Suisse on the other hand.<\/p>\n\n<div style=\"height:37px\" aria-hidden=\"true\" class=\"wp-block-spacer\"><\/div>\n\n<h4 class=\"wp-block-heading\">COURSE OFFERING<\/h4>\n\n<p>Le site <a href=\"https:\/\/pyxis-suisse.ch\/en\/\">pyxis-suisse.ch<\/a> est le support officiel des offres de cours publics.<\/p>\n\n<p>Pyxis Suisse can also provide private, in-company training.<\/p>\n\n<div style=\"height:37px\" aria-hidden=\"true\" class=\"wp-block-spacer\"><\/div>\n\n<h4 class=\"wp-block-heading\">REGISTRATION<\/h4>\n\n<p>By registering, the Customer acknowledges having read the prerequisite level and the general sales conditions.<\/p>\n\n<p>a. The registration to the courses must be done on the website <a href=\"https:\/\/pyxis-suisse.ch\/en\/terms-and-conditions-of-sale\/\">pyxis-suisse.ch<\/a><\/p>\n\n<p>b. The Customer must enter his information (name, first name, email and billing information) online and validate his registration by clicking on Confirm.<\/p>\n\n<p>c. The Customer chooses his means of payment (by credit card or by transfer upon receipt of the invoice).<\/p>\n\n<p>d. He\/she will then automatically receive an e-mail indicating that his\/her registration has been accepted and the invoice for the chosen course or payment by credit card. <\/p>\n\n<p>e. A few days before the course, the client receives an email from Pyxis Suisse with all the information related to the course (preparation, location, address, etc.)<\/p>\n\n<p>Registrations are considered valid as soon as the customer has clicked on Confirm and Pyxis sends a confirmation email with the invoice to be paid. The registrations become effective when Pyxis Suisse has received the payment within the indicated time (see section Financial conditions, rules and payment methods).<\/p>\n\n<div style=\"height:37px\" aria-hidden=\"true\" class=\"wp-block-spacer\"><\/div>\n\n<h4 class=\"wp-block-heading\">FINANCIAL CONDITIONS, PAYMENT AND TERMS OF PAYMENT<\/h4>\n\n<p>Suite \u00e0 la validation de son inscription en ligne sur le site web <a href=\"https:\/\/pyxis-suisse.ch\/en\/\">pyxis-suisse.ch<\/a>, le Client re\u00e7oit un email de confirmation et un e-mail avec la facture du cours.<\/p>\n\n<p>Le paiement du ou des cours pour le(s)quel(s) le Client s\u2019est inscrit peut s\u2019effectuer par carte bancaire sur le site ou par virement bancaire \u00e0 r\u00e9ception de la facture. La facture devra \u00eatre acquitt\u00e9e au plus tard deux jours avant le cours choisi.<\/p>\n\n<p>The information of the account to which to make the transfer is available on the invoice.<\/p>\n\n<p>Any day of training started or completed is due and will be invoiced to the Customer on the basis of 100% of the current rate.<\/p>\n\n<div style=\"height:37px\" aria-hidden=\"true\" class=\"wp-block-spacer\"><\/div>\n\n<h4 class=\"wp-block-heading\">PRICE<\/h4>\n\n<p>The rates are indicated mainly in Swiss Francs (and sometimes in Euros). <\/p>\n\n<p>La formation doit \u00eatre r\u00e9gl\u00e9e \u00e0 r\u00e9ception de la facture et au plus tard deux jours avant le d\u00e9but du cours.<\/p>\n\n<p>The payment of the invoice cannot be done in several times.<\/p>\n\n<p>Promotional offers (Early Bird rate, Loyalty rate, etc.) are not cumulative.<\/p>\n\n<div style=\"height:37px\" aria-hidden=\"true\" class=\"wp-block-spacer\"><\/div>\n\n<h4 class=\"wp-block-heading\">CANCELLATION, ABSENCE OR POSTPONEMENT<\/h4>\n\n<p>Any cancellation, absence, withdrawal of the Participant before the beginning of the course or stop during the training must be brought to the attention of Pyxis Suisse in writing via an email sent to <a href=\"mailto:suisse.info@pyxis-suisse.ch\">suisse.info@pyxis-suisse.ch<\/a><\/p>\n\n<div style=\"height:37px\" aria-hidden=\"true\" class=\"wp-block-spacer\"><\/div>\n\n<h5 class=\"wp-block-heading\">1. Cancellation by the Customer<\/h5>\n\n<p><strong>For face-to-face training :<\/strong><\/p>\n\n<ul class=\"wp-block-list\">\n<li>No later than 21 days prior to the course date: In the event that the Client cancels his\/her participation no later than 21 days prior to the course date, the Client&#8217;s registration will be cancelled without charge. If the course has already been paid for, the full amount will be refunded. If the Client wishes to postpone his participation on another course offered on the calendar, Pyxis Suisse will postpone his participation to another date scheduled on the calendar without additional cost.<\/li>\n<\/ul>\n\n<ul class=\"wp-block-list\">\n<li>If the cancellation is made less than 21 calendar days before the start of the course, 10% of the course fee will be charged.<\/li>\n<\/ul>\n\n<ul class=\"wp-block-list\">\n<li>If the cancellation is made less than 14 calendar days before the start of the course, 50% of the course fee will be charged.<\/li>\n<\/ul>\n\n<ul class=\"wp-block-list\">\n<li>If the cancellation is made less than 4 working days before the start of the course, 100% of the course fee will be charged.<\/li>\n<\/ul>\n\n<ul class=\"wp-block-list\">\n<li>If the client is absent from the course, 100% of the course fee will be charged.<\/li>\n<\/ul>\n\n<div style=\"height:12px\" aria-hidden=\"true\" class=\"wp-block-spacer\"><\/div>\n\n<p><strong>For remote virtual classroom training:<\/strong><\/p>\n\n<ul class=\"wp-block-list\">\n<li>No later than 14 days prior to the course date: In the event that the Client cancels his\/her participation no later than 14 days prior to the course date, the Client&#8217;s registration will be cancelled without charge. If the course has already been paid for, the full amount will be refunded. If the Client wishes to postpone his\/her participation on another course offered on the calendar, Pyxis Suisse will postpone his\/her participation to another date scheduled on the calendar without additional cost.<\/li>\n<\/ul>\n\n<p><\/p>\n\n<ul class=\"wp-block-list\">\n<li>If the cancellation is made less than 14 calendar days before the start of the course, 10% of the course price will be charged.<\/li>\n<\/ul>\n\n<ul class=\"wp-block-list\">\n<li> If the cancellation is made less than 4 working days before the start of the course, 50% of the course fee will be charged.<\/li>\n<\/ul>\n\n<ul class=\"wp-block-list\">\n<li>If the cancellation is made less than 24 hours before the start of the course, 100% of the course fee will be charged.<\/li>\n<\/ul>\n\n<ul class=\"wp-block-list\">\n<li>If the client is absent from the course, 100% of the course fee will be charged.<\/li>\n<\/ul>\n\n<div style=\"height:23px\" aria-hidden=\"true\" class=\"wp-block-spacer\"><\/div>\n\n<h5 class=\"wp-block-heading\">2. Cancellation by Pyxis Suisse<\/h5>\n\n<p><strong>Linked to an insufficient number of registrants<\/strong><\/p>\n\n<p>Pyxis Suisse reserves the right to cancel a face-to-face course up to 7 days before the date of the course and up to 3 days before the date of a virtual classroom course if there are not enough registrants.<\/p>\n\n<p>In this situation, Pyxis will propose a suitable alternative to the Customer (postponement of the registration for example). In the event that no alternative can be found, the registration fee will be fully refunded to the Customer.<\/p>\n\n<div style=\"height:23px\" aria-hidden=\"true\" class=\"wp-block-spacer\"><\/div>\n\n<p><strong>Linked to an external event<\/strong><\/p>\n\n<p>If the cancellation of the course results from an event of force majeure or fortuitous (trainer sick or victim of an accident, external social conflicts, natural disasters, fires, floods, malfunctioning of communication tools, transport problems&#8230; and other circumstances beyond the control of Pyxis Suisse), the Participants registered to the course will have to choose among the following options<\/p>\n\n<ul class=\"wp-block-list\">\n<li>Postpone their participation to another course offered by Pyxis Suisse, at no additional cost.<\/li>\n<\/ul>\n\n<ul class=\"wp-block-list\">\n<li>Cancel their participation. In this case, the entire amount paid will be returned to them by bank transfer.<\/li>\n<\/ul>\n\n<p>Pyxis Suisse will not reimburse all or part of the transportation or accommodation costs incurred by the Client to attend the training. It is the client&#8217;s responsibility to select &#8220;no-cost&#8221; options in order to receive a refund if the course is cancelled.<\/p>\n\n<div style=\"height:23px\" aria-hidden=\"true\" class=\"wp-block-spacer\"><\/div>\n\n<h5 class=\"wp-block-heading\">3. Postponement of the Client&#8217;s participation<\/h5>\n\n<p>If the Client cannot attend the course he\/she has registered for, the Client has the possibility to postpone his\/her participation to a course offered by Pyxis Suisse at a later date. This change of dates is free of charge if the Client has requested it to Pyxis at least 14 days before the course.<\/p>\n\n<p>If the postponement occurs less than 4 days before the date of the course and if expenses have been incurred by Pyxis Suisse for this course (room rental, meal reservation, etc.), 150CHF of penalties will be charged to the Client.<\/p>\n\n<div style=\"height:37px\" aria-hidden=\"true\" class=\"wp-block-spacer\"><\/div>\n\n<h4 class=\"wp-block-heading\">RESPONSIBILITIES AND OBLIGATIONS<\/h4>\n\n<p>Pyxis Suisse is bound to an obligation of means and not of result towards its Customers.<\/p>\n\n<p>It shall not be held liable to the latter in case of non-performance of its obligations resulting from an event of force majeure or fortuitous event (as described above).<\/p>\n\n<p>Pyxis Suisse is not responsible in case of failure of the participant to pass the exams related to the certification trainings of the catalog.<\/p>\n\n<p>In the case of certification training (including an attempt at the certification exam), the participant will only be able to obtain his or her access codes for the certification exam if he or she has participated in the training.<\/p>\n\n<div style=\"height:37px\" aria-hidden=\"true\" class=\"wp-block-spacer\"><\/div>\n\n<h4 class=\"wp-block-heading\">APPLICABLE LAW AND JURISDICTION<\/h4>\n\n<p>These Terms and Conditions of Sale are governed by Swiss law.<\/p>\n\n<p><\/p>\n\n<div style=\"height:37px\" aria-hidden=\"true\" class=\"wp-block-spacer\"><\/div>\n\n<h4 class=\"wp-block-heading\">DATA PROTECTION<\/h4>\n\n<p>Pyxis Suisse SA respects the confidential nature of the personal data communicated by its Clients and Participants and complies with the legal provisions regarding data protection.<\/p>\n\n<div style=\"height:37px\" aria-hidden=\"true\" class=\"wp-block-spacer\"><\/div>\n\n<h4 class=\"wp-block-heading\">PRIVATE COURSES INTRA &#8220;COMPANY&#8221; and AGILE COACHING <\/h4>\n\n<p>Private services (private training, private workshops, coaching) are subject to a different purchasing process and are subject to <a href=\"https:\/\/pyxis-suisse.ch\/en\/general-terms-of-sale-private-services\/\">specific terms and conditions<\/a>. <\/p>\n","protected":false},"excerpt":{"rendered":"<p>Pyxis Suisse SA is a consulting and training company specialized in Agility, registered in the commercial register of the canton of Vaud, Switzerland, under the IDE CHE-436.164.492. Its registered office is located at rue du Simplon, 37, c\/o CBC-L Sarl, 1006 Lausanne. Pyxis Suisse designs and delivers public and private face-to-face and virtual classroom training. [&hellip;]<\/p>\n","protected":false},"author":1,"featured_media":0,"parent":0,"menu_order":0,"comment_status":"closed","ping_status":"closed","template":"","meta":{"_acf_changed":false,"content-type":"","pmpro_default_level":"","footnotes":""},"class_list":["post-2869","page","type-page","status-publish","hentry","pmpro-has-access"],"acf":[],"yoast_head":"<!-- This site is optimized with the Yoast SEO plugin v26.9 - https:\/\/yoast.com\/product\/yoast-seo-wordpress\/ -->\n<title>Terms and Conditions of Sale - Pyxis<\/title>\n<meta name=\"description\" content=\"Vous souhaitez d\u00e9couvrir l&#039;Agilit\u00e9, vous former aux cadres agiles, obtenir une certification, ou encore devenir un Manager Agile ? Rejoignez une de nos formations et atteignez votre objectif !\" \/>\n<meta name=\"robots\" content=\"index, follow, max-snippet:-1, max-image-preview:large, max-video-preview:-1\" \/>\n<link rel=\"canonical\" href=\"https:\/\/pyxis-suisse.ch\/en\/terms-and-conditions-of-sale\/\" \/>\n<meta property=\"og:locale\" content=\"en_US\" \/>\n<meta property=\"og:type\" content=\"article\" \/>\n<meta property=\"og:title\" content=\"Terms and Conditions of Sale - Pyxis\" \/>\n<meta property=\"og:description\" content=\"Vous souhaitez d\u00e9couvrir l&#039;Agilit\u00e9, vous former aux cadres agiles, obtenir une certification, ou encore devenir un Manager Agile ? Rejoignez une de nos formations et atteignez votre objectif !\" \/>\n<meta property=\"og:url\" content=\"https:\/\/pyxis-suisse.ch\/en\/terms-and-conditions-of-sale\/\" \/>\n<meta property=\"og:site_name\" content=\"Pyxis\" \/>\n<meta property=\"article:modified_time\" content=\"2023-05-04T08:42:45+00:00\" \/>\n<meta property=\"og:image\" content=\"https:\/\/pyxis-suisse.ch\/wp-content\/uploads\/2023\/03\/home.png\" \/>\n\t<meta property=\"og:image:width\" content=\"1200\" \/>\n\t<meta property=\"og:image:height\" content=\"675\" \/>\n\t<meta property=\"og:image:type\" content=\"image\/png\" \/>\n<meta name=\"twitter:card\" content=\"summary_large_image\" \/>\n<meta name=\"twitter:label1\" content=\"Est. reading time\" \/>\n\t<meta name=\"twitter:data1\" content=\"7 minutes\" \/>\n<script type=\"application\/ld+json\" class=\"yoast-schema-graph\">{\"@context\":\"https:\/\/schema.org\",\"@graph\":[{\"@type\":\"WebPage\",\"@id\":\"https:\/\/pyxis-suisse.ch\/en\/terms-and-conditions-of-sale\/\",\"url\":\"https:\/\/pyxis-suisse.ch\/en\/terms-and-conditions-of-sale\/\",\"name\":\"Terms and Conditions of Sale - Pyxis\",\"isPartOf\":{\"@id\":\"https:\/\/pyxis-suisse.ch\/en\/#website\"},\"datePublished\":\"2022-07-04T15:21:17+00:00\",\"dateModified\":\"2023-05-04T08:42:45+00:00\",\"description\":\"Vous souhaitez d\u00e9couvrir l'Agilit\u00e9, vous former aux cadres agiles, obtenir une certification, ou encore devenir un Manager Agile ? Rejoignez une de nos formations et atteignez votre objectif !\",\"breadcrumb\":{\"@id\":\"https:\/\/pyxis-suisse.ch\/en\/terms-and-conditions-of-sale\/#breadcrumb\"},\"inLanguage\":\"en-US\",\"potentialAction\":[{\"@type\":\"ReadAction\",\"target\":[\"https:\/\/pyxis-suisse.ch\/en\/terms-and-conditions-of-sale\/\"]}]},{\"@type\":\"BreadcrumbList\",\"@id\":\"https:\/\/pyxis-suisse.ch\/en\/terms-and-conditions-of-sale\/#breadcrumb\",\"itemListElement\":[{\"@type\":\"ListItem\",\"position\":1,\"name\":\"Home\",\"item\":\"https:\/\/pyxis-suisse.ch\/en\/\"},{\"@type\":\"ListItem\",\"position\":2,\"name\":\"Terms and Conditions of Sale\"}]},{\"@type\":\"WebSite\",\"@id\":\"https:\/\/pyxis-suisse.ch\/en\/#website\",\"url\":\"https:\/\/pyxis-suisse.ch\/en\/\",\"name\":\"Pyxis\",\"description\":\"Incarner les nouveaux possibles\",\"publisher\":{\"@id\":\"https:\/\/pyxis-suisse.ch\/en\/#organization\"},\"potentialAction\":[{\"@type\":\"SearchAction\",\"target\":{\"@type\":\"EntryPoint\",\"urlTemplate\":\"https:\/\/pyxis-suisse.ch\/en\/?s={search_term_string}\"},\"query-input\":{\"@type\":\"PropertyValueSpecification\",\"valueRequired\":true,\"valueName\":\"search_term_string\"}}],\"inLanguage\":\"en-US\"},{\"@type\":\"Organization\",\"@id\":\"https:\/\/pyxis-suisse.ch\/en\/#organization\",\"name\":\"Pyxis Suisse\",\"url\":\"https:\/\/pyxis-suisse.ch\/en\/\",\"logo\":{\"@type\":\"ImageObject\",\"inLanguage\":\"en-US\",\"@id\":\"https:\/\/pyxis-suisse.ch\/en\/#\/schema\/logo\/image\/\",\"url\":\"https:\/\/pyxis-suisse.ch\/wp-content\/uploads\/2022\/02\/logo.png\",\"contentUrl\":\"https:\/\/pyxis-suisse.ch\/wp-content\/uploads\/2022\/02\/logo.png\",\"width\":616,\"height\":102,\"caption\":\"Pyxis Suisse\"},\"image\":{\"@id\":\"https:\/\/pyxis-suisse.ch\/en\/#\/schema\/logo\/image\/\"},\"sameAs\":[\"https:\/\/www.linkedin.com\/company\/2302881\/admin\/\"]}]}<\/script>\n<!-- \/ Yoast SEO plugin. -->","yoast_head_json":{"title":"Terms and Conditions of Sale - Pyxis","description":"Vous souhaitez d\u00e9couvrir l'Agilit\u00e9, vous former aux cadres agiles, obtenir une certification, ou encore devenir un Manager Agile ? Rejoignez une de nos formations et atteignez votre objectif !","robots":{"index":"index","follow":"follow","max-snippet":"max-snippet:-1","max-image-preview":"max-image-preview:large","max-video-preview":"max-video-preview:-1"},"canonical":"https:\/\/pyxis-suisse.ch\/en\/terms-and-conditions-of-sale\/","og_locale":"en_US","og_type":"article","og_title":"Terms and Conditions of Sale - Pyxis","og_description":"Vous souhaitez d\u00e9couvrir l'Agilit\u00e9, vous former aux cadres agiles, obtenir une certification, ou encore devenir un Manager Agile ? Rejoignez une de nos formations et atteignez votre objectif !","og_url":"https:\/\/pyxis-suisse.ch\/en\/terms-and-conditions-of-sale\/","og_site_name":"Pyxis","article_modified_time":"2023-05-04T08:42:45+00:00","og_image":[{"width":1200,"height":675,"url":"https:\/\/pyxis-suisse.ch\/wp-content\/uploads\/2023\/03\/home.png","type":"image\/png"}],"twitter_card":"summary_large_image","twitter_misc":{"Est. reading time":"7 minutes"},"schema":{"@context":"https:\/\/schema.org","@graph":[{"@type":"WebPage","@id":"https:\/\/pyxis-suisse.ch\/en\/terms-and-conditions-of-sale\/","url":"https:\/\/pyxis-suisse.ch\/en\/terms-and-conditions-of-sale\/","name":"Terms and Conditions of Sale - Pyxis","isPartOf":{"@id":"https:\/\/pyxis-suisse.ch\/en\/#website"},"datePublished":"2022-07-04T15:21:17+00:00","dateModified":"2023-05-04T08:42:45+00:00","description":"Vous souhaitez d\u00e9couvrir l'Agilit\u00e9, vous former aux cadres agiles, obtenir une certification, ou encore devenir un Manager Agile ? Rejoignez une de nos formations et atteignez votre objectif !","breadcrumb":{"@id":"https:\/\/pyxis-suisse.ch\/en\/terms-and-conditions-of-sale\/#breadcrumb"},"inLanguage":"en-US","potentialAction":[{"@type":"ReadAction","target":["https:\/\/pyxis-suisse.ch\/en\/terms-and-conditions-of-sale\/"]}]},{"@type":"BreadcrumbList","@id":"https:\/\/pyxis-suisse.ch\/en\/terms-and-conditions-of-sale\/#breadcrumb","itemListElement":[{"@type":"ListItem","position":1,"name":"Home","item":"https:\/\/pyxis-suisse.ch\/en\/"},{"@type":"ListItem","position":2,"name":"Terms and Conditions of Sale"}]},{"@type":"WebSite","@id":"https:\/\/pyxis-suisse.ch\/en\/#website","url":"https:\/\/pyxis-suisse.ch\/en\/","name":"Pyxis","description":"Incarner les nouveaux possibles","publisher":{"@id":"https:\/\/pyxis-suisse.ch\/en\/#organization"},"potentialAction":[{"@type":"SearchAction","target":{"@type":"EntryPoint","urlTemplate":"https:\/\/pyxis-suisse.ch\/en\/?s={search_term_string}"},"query-input":{"@type":"PropertyValueSpecification","valueRequired":true,"valueName":"search_term_string"}}],"inLanguage":"en-US"},{"@type":"Organization","@id":"https:\/\/pyxis-suisse.ch\/en\/#organization","name":"Pyxis Suisse","url":"https:\/\/pyxis-suisse.ch\/en\/","logo":{"@type":"ImageObject","inLanguage":"en-US","@id":"https:\/\/pyxis-suisse.ch\/en\/#\/schema\/logo\/image\/","url":"https:\/\/pyxis-suisse.ch\/wp-content\/uploads\/2022\/02\/logo.png","contentUrl":"https:\/\/pyxis-suisse.ch\/wp-content\/uploads\/2022\/02\/logo.png","width":616,"height":102,"caption":"Pyxis Suisse"},"image":{"@id":"https:\/\/pyxis-suisse.ch\/en\/#\/schema\/logo\/image\/"},"sameAs":["https:\/\/www.linkedin.com\/company\/2302881\/admin\/"]}]}},"_links":{"self":[{"href":"https:\/\/pyxis-suisse.ch\/en\/wp-json\/wp\/v2\/pages\/2869","targetHints":{"allow":["GET"]}}],"collection":[{"href":"https:\/\/pyxis-suisse.ch\/en\/wp-json\/wp\/v2\/pages"}],"about":[{"href":"https:\/\/pyxis-suisse.ch\/en\/wp-json\/wp\/v2\/types\/page"}],"author":[{"embeddable":true,"href":"https:\/\/pyxis-suisse.ch\/en\/wp-json\/wp\/v2\/users\/1"}],"replies":[{"embeddable":true,"href":"https:\/\/pyxis-suisse.ch\/en\/wp-json\/wp\/v2\/comments?post=2869"}],"version-history":[{"count":2,"href":"https:\/\/pyxis-suisse.ch\/en\/wp-json\/wp\/v2\/pages\/2869\/revisions"}],"predecessor-version":[{"id":3717,"href":"https:\/\/pyxis-suisse.ch\/en\/wp-json\/wp\/v2\/pages\/2869\/revisions\/3717"}],"wp:attachment":[{"href":"https:\/\/pyxis-suisse.ch\/en\/wp-json\/wp\/v2\/media?parent=2869"}],"curies":[{"name":"wp","href":"https:\/\/api.w.org\/{rel}","templated":true}]}}